{"id":1340,"date":"2025-09-27T20:06:10","date_gmt":"2025-09-27T20:06:10","guid":{"rendered":"https:\/\/2bbiobeauty.com\/conditions-generale-de-vente-2b-bio-beauty\/"},"modified":"2025-10-06T12:34:21","modified_gmt":"2025-10-06T12:34:21","slug":"2b-bio-beauty-verkoopvoorwaarden","status":"publish","type":"page","link":"https:\/\/2bbiobeauty.com\/nl\/2b-bio-beauty-verkoopvoorwaarden\/","title":{"rendered":"Verkoopvoorwaarden"},"content":{"rendered":"<div  class='flex_column av-9gf0e-928c67a01363f413a81f83257682f44f av_one_full  avia-builder-el-0  avia-builder-el-no-sibling  first flex_column_div  '     ><p>\n<style type=\"text\/css\" data-created_by=\"avia_inline_auto\" id=\"style-css-av-mg2pat4p-91d44fb2e29e017e8fd0ff46de563e6f\">\n#top .av-special-heading.av-mg2pat4p-91d44fb2e29e017e8fd0ff46de563e6f{\npadding-bottom:10px;\n}\nbody .av-special-heading.av-mg2pat4p-91d44fb2e29e017e8fd0ff46de563e6f .av-special-heading-tag .heading-char{\nfont-size:25px;\n}\n.av-special-heading.av-mg2pat4p-91d44fb2e29e017e8fd0ff46de563e6f .av-subheading{\nfont-size:15px;\n}\n<\/style>\n<div  class='av-special-heading av-mg2pat4p-91d44fb2e29e017e8fd0ff46de563e6f av-special-heading-h1 blockquote modern-quote modern-centered  avia-builder-el-1  el_before_av_textblock  avia-builder-el-first '><h1 class='av-special-heading-tag '  itemprop=\"headline\"  >Algemene verkoopvoorwaarden<\/h1><div class=\"special-heading-border\"><div class=\"special-heading-inner-border\"><\/div><\/div><\/div><br \/>\n\n<style type=\"text\/css\" data-created_by=\"avia_inline_auto\" id=\"style-css-av-mg2pabus-9c753e5652d23a0dac00f9ac2300b3ff\">\n#top .av_textblock_section.av-mg2pabus-9c753e5652d23a0dac00f9ac2300b3ff .avia_textblock{\nfont-size:15px;\n}\n<\/style>\n<section  class='av_textblock_section av-mg2pabus-9c753e5652d23a0dac00f9ac2300b3ff '   itemscope=\"itemscope\" itemtype=\"https:\/\/schema.org\/CreativeWork\" ><div class='avia_textblock'  itemprop=\"text\" ><p><em>Copyright \u00a9 Libinvest Cosmetics &#8211; Tous droits r\u00e9serv\u00e9s &#8211; Trade dress<\/em><\/p>\n<p>Libinvest Cosmetics s.a. dont le si\u00e8ge social est sis \u00e0 7130 Binche, Rue de la Princesse 19 et inscrit au Registre de la Banque Carrefour des Entreprises sous le num\u00e9ro 0432.258.031 (TVA BE 0432.258.031) est d\u00e9fini ci-apr\u00e8s comme \u00e9tant le vendeur.<\/p>\n<p>L\u2019acheteur est d\u00e9fini ci-apr\u00e8s comme \u00e9tant la personne physique marquant son accord sur l\u2019offre contenue dans la remise de prix, \u00e9mise par le vendeur.<\/p>\n<p>Le produit est le produit cosm\u00e9tique tel que d\u00e9crit sur le site dont le contenu est disponible sous le nom de domaine <a href=\"https:\/\/2bbiobeauty.com\/\">https:\/\/2bbiobeauty.com<\/a><\/p>\n<h4>1. Choix des produits<\/h4>\n<p>L\u2019acheteur choisit son(ses) produit(s) sous sa responsabilit\u00e9 et en connaissance de cause.<br \/>\nLibinvest Cosmetics s.a. ne pourra \u00eatre tenu pour responsable quant au choix et \u00e0 l\u2019utilisation erron\u00e9s de l\u2019acheteur.<\/p>\n<h4>2. Commande<\/h4>\n<p>Lorsque l\u2019acheteur valide sa commande, il reconna\u00eet avoir pris connaissance des conditions g\u00e9n\u00e9rales de vente et d\u00e9clare express\u00e9ment les accepter sans r\u00e9serve.<br \/>\nLibinvest Cosmetics s.a. confirme l\u2019acceptation de la commande \u00e0 l\u2019acheteur \u00e0 l\u2019adresse e-mail que celui-ci aura communiqu\u00e9e. La vente ne sera conclue qu\u2019\u00e0 compter de la confirmation de la commande. Libinvest Cosmetics s.a. se r\u00e9serve le droit d\u2019annuler toute commande d\u2019un acheteur avec lequel existerait un litige relatif au paiement d\u2019une commande ant\u00e9rieure.<\/p>\n<h4>3. Prix<\/h4>\n<p>Tous nos prix s\u2019entendent en euros, TVA belge en vigueur comprise de 21%. Ces prix comprennent le prix des produits, les frais de manutention, d\u2019emballage et de conservation.<\/p>\n<h4>4. Mode de paiement<\/h4>\n<p>Seuls les modes de paiement suivants sont accept\u00e9s:<\/p>\n<ul>\n<li>Paiement au comptant si possibilit\u00e9 de retrait chez Libinvest<br \/>\nCosmetics, Rue de la Princesse 19, B-7130 Binche.<\/li>\n<li>Paiement par carte de cr\u00e9dit, de d\u00e9bit et \/ ou virement bancaire. En<br \/>\noptant pour l\u2019un de ces moyens de paiement, l\u2019acheteur devra<br \/>\ns\u2019acquitter du montant total de sa commande et des frais de<br \/>\nlivraison, avant l\u2019envoi de la marchandise.<\/li>\n<li>Le paiement par virement bancaire sera effectu\u00e9 en euro sur le num\u00e9ro<br \/>\nde compte bancaire de Libinvest s.a. et aura pour communication le<br \/>\nnum\u00e9ro de commande mentionn\u00e9 dans l\u2019e-mail de confirmation.<\/li>\n<\/ul>\n<p>Coordonn\u00e9es bancaires:<br \/>\nBNP Paribas Fortis<br \/>\nIBAN: BE96 2710 0930 9305<br \/>\nBIC: GEBABEBB<\/p>\n<p>D\u00e8s r\u00e9ception du paiement, Libinvest Cosmetics s.a. traitera la commande de l\u2019acheteur.<\/p>\n<h4>5. Livraison<\/h4>\n<p>La livraison est effectu\u00e9e \u00e0 l\u2019adresse mentionn\u00e9e par l\u2019acheteur, apr\u00e8s r\u00e9ception du paiement.<br \/>\nLe colis est remis, contre signature, \u00e0 l\u2019adresse de destination.<\/p>\n<h4>5.1 D\u00e9lais de livraison<\/h4>\n<p>Belgique : 3 jours ouvrables<br \/>\nFrance, Luxembourg, Pays-Bas, Allemagne : 5 \u00e0 7 jours ouvrables<\/p>\n<h4>5.2 Frais de livraison TTC<\/h4>\n<p>Belgique : 7 \u20ac | gratuite d\u00e8s 70 \u20ac<br \/>\nFrance, Luxembourg, Pays-Bas, Allemagne : 20 \u20ac | gratuite d\u00e8s 150 \u20ac<\/p>\n<h4>5.3 Absence \u00e0 la livraison<\/h4>\n<p>En cas d\u2019absence au lieu de livraison, B Post d\u00e9posera un avis de passage \u00e0 l\u2019acheteur qui pourra proc\u00e9der \u00e0 la r\u00e9ception du colis suivant les solutions propos\u00e9es par B Post ( enl\u00e8vement direct dans le point poste communiqu\u00e9 sur l\u2019avis de passage, demande par t\u00e9l\u00e9phone d\u2019une deuxi\u00e8me pr\u00e9sentation du paquet \u00e0 l\u2019adresse de livraison).<\/p>\n<p>Apr\u00e8s 3 tentatives de livraison, le colis sera r\u00e9exp\u00e9di\u00e9 chez Libinvest Cosmetics s.a. Libinvest s.a. ne proc\u00e8dera pas au renvoi de la commande chez l\u2019acheteur et seule la valeur des produits sera rembours\u00e9e, les frais d\u2019envoi restant \u00e0 charge de l\u2019acheteur.<\/p>\n<p>Libinvest Cosmetics s.a. ne pourra \u00eatre tenu pour responsable en cas de:<\/p>\n<ul>\n<li>Retard de livraison<\/li>\n<li>Retour de colis pour incapacit\u00e9 de livraison \u00e0 l\u2019adresse de<br \/>\ndestination<\/li>\n<li>Refus de l\u2019acceptation de l\u2019envoi \u00e0 destination<\/li>\n<li>Donn\u00e9es d\u2019adresse de livraison erron\u00e9es<\/li>\n<li>Gr\u00e8ve du transporteur<\/li>\n<li>Cas ind\u00e9pendants de la volont\u00e9 de Libinvest Cosmetics s.a.<\/li>\n<\/ul>\n<p>En cas de perte d\u2019un colis, une enqu\u00eate sera demand\u00e9e par Libinvest Cosmetics s.a. aupr\u00e8s du transporteur. Si apr\u00e8s 21 jours, le colis n\u2019est pas retrouv\u00e9, celui-ci sera consid\u00e9r\u00e9 comme perdu. Pass\u00e9 ce d\u00e9lai de 21 jours, Libinvest Cosmetics s.a. pourra proc\u00e9der au renvoi de la commande \u00e0 l\u2019acheteur.<\/p>\n<h4>5.4 R\u00e9ception du colis par l\u2019acheteur<\/h4>\n<p>A la r\u00e9ception du colis, l\u2019acheteur est tenu de v\u00e9rifier et de faire constater imm\u00e9diatement au transporteur tout dommage \u00e9ventuel survenu au colis. Le cas \u00e9ch\u00e9ant, l\u2019acheteur dispose du droit de refuser la livraison et le notifie par \u00e9crit au transporteur.<\/p>\n<h4>6. Droits de r\u00e9tractation, retours et remboursement<\/h4>\n<p>Conform\u00e9ment \u00e0 l\u2019Article 47 de la Loi belge du 6 avril 2010 relative aux contrats \u00e0 distance, l\u2019acheteur dispose d\u2019un d\u00e9lai de maximum de 14 jours calendrier apr\u00e8s r\u00e9ception pour renoncer \u00e0 son achat. Les frais d\u2019envoi du retour sont \u00e0 charge du client et les frais d\u2019envoi de la commande initiale ne sont pas remboursables.<br \/>\nLe ou les produits retourn\u00e9s doivent \u00eatre neufs, non ouverts, non utilis\u00e9s et dans leur emballage d\u2019origine, enveloppe de protection incluse. Les produits retourn\u00e9s voyagent aux risques de l\u2019acheteur. Tout produit d\u00e9t\u00e9rior\u00e9 ne pourra pr\u00e9tendre au remboursement. Seuls les produits r\u00e9pondant aux conditions susmentionn\u00e9es seront rembours\u00e9s par virement bancaire;<\/p>\n<h4>7. Respect de la vie priv\u00e9e<\/h4>\n<p>Afin de proc\u00e9der \u00e0 l\u2019enregistrement de sa commande et de sa livraison, l\u2019acheteur est invit\u00e9 \u00e0 laisser des informations personnelles.<br \/>\nLibinvest Cosmetics s.a. respecte la vie priv\u00e9e de ses acheteurs et les informations collect\u00e9es sont uniquement utilis\u00e9es \u00e0 des fins commerciales internes. Ces informations ne seront en aucun cas transmises \u00e0 des tiers.<\/p>\n<h4>8. Propri\u00e9t\u00e9 intellectuelle<\/h4>\n<p>Le contenu de ce site est prot\u00e9g\u00e9 par le droit national et international de la propri\u00e9t\u00e9 intellectuelle. Les marques cit\u00e9es sont des marques d\u00e9pos\u00e9es. Les \u00e9l\u00e9ments composant ce site internet (marques, graphismes, logos, textes, slogans, images, vid\u00e9os ainsi que toute autre \u0153uvre) sont la propri\u00e9t\u00e9 de Libinvest Cosmetics s.a. ou, le cas \u00e9ch\u00e9ant, de tiers ayant autoris\u00e9 Libinvest Cosmetics s.a. \u00e0 les utiliser. Conform\u00e9ment aux lois r\u00e9gissant les droits de propri\u00e9t\u00e9 intellectuelle, toute reproduction de tout ou partie de ce site, par quelque moyen que ce soit, est strictement interdite sans autorisation pr\u00e9alable.<\/p>\n<h4>9. Litige<\/h4>\n<p>Tout litige en relation avec les pr\u00e9sentes conditions g\u00e9n\u00e9rales sera exclusivement soumis au droit belge. En cas de difficult\u00e9 d\u2019interpr\u00e9tation des pr\u00e9sentes conditions traduites dans d\u2019autres langues, les parties s\u2019en r\u00e9f\u00e9reront \u00e0 la version fran\u00e7aise qui, seule, fait foi. Seules les juridictions de l\u2019arrondissement judiciaire de Charleroi sont comp\u00e9tentes en cas de litige.<\/p>\n<p>Les pr\u00e9sentes conditions g\u00e9n\u00e9rales de vente peuvent \u00eatre modifi\u00e9es \u00e0 tout moment par Libinvest Cosmetics s.a. et ce sans avis pr\u00e9alable.<\/p>\n<p><em>Version 01\/2015.<\/em><\/p>\n<\/div><\/section><\/p><\/div>\n","protected":false},"excerpt":{"rendered":"","protected":false},"author":1,"featured_media":0,"parent":0,"menu_order":0,"comment_status":"closed","ping_status":"closed","template":"","meta":{"_acf_changed":false,"inline_featured_image":false,"footnotes":""},"class_list":["post-1340","page","type-page","status-publish","hentry"],"acf":[],"yoast_head":"<!-- This site is optimized with the Yoast SEO plugin v26.5 - https:\/\/yoast.com\/wordpress\/plugins\/seo\/ -->\n<title>Verkoopvoorwaarden - 2B Bio Beauty\u00ae<\/title>\n<meta name=\"robots\" content=\"index, follow, max-snippet:-1, max-image-preview:large, max-video-preview:-1\" \/>\n<link rel=\"canonical\" href=\"https:\/\/2bbiobeauty.com\/conditions-generale-de-vente-2b-bio-beauty\/\" \/>\n<meta property=\"og:locale\" content=\"nl_NL\" \/>\n<meta property=\"og:type\" content=\"article\" \/>\n<meta property=\"og:title\" content=\"Verkoopvoorwaarden - 2B Bio Beauty\u00ae\" \/>\n<meta property=\"og:url\" content=\"https:\/\/2bbiobeauty.com\/conditions-generale-de-vente-2b-bio-beauty\/\" \/>\n<meta property=\"og:site_name\" content=\"2B Bio Beauty\u00ae\" \/>\n<meta property=\"article:publisher\" content=\"https:\/\/www.facebook.com\/2bbiobeauty.official\" \/>\n<meta property=\"article:modified_time\" content=\"2025-10-06T12:34:21+00:00\" \/>\n<meta name=\"twitter:card\" content=\"summary_large_image\" \/>\n<meta name=\"twitter:label1\" content=\"Geschatte leestijd\" \/>\n\t<meta name=\"twitter:data1\" content=\"10 minuut\" \/>\n<script type=\"application\/ld+json\" class=\"yoast-schema-graph\">{\"@context\":\"https:\/\/schema.org\",\"@graph\":[{\"@type\":\"WebPage\",\"@id\":\"https:\/\/2bbiobeauty.com\/conditions-generale-de-vente-2b-bio-beauty\/\",\"url\":\"https:\/\/2bbiobeauty.com\/conditions-generale-de-vente-2b-bio-beauty\/\",\"name\":\"Verkoopvoorwaarden - 2B Bio Beauty\u00ae\",\"isPartOf\":{\"@id\":\"https:\/\/2bbiobeauty.com\/#website\"},\"datePublished\":\"2025-09-27T20:06:10+00:00\",\"dateModified\":\"2025-10-06T12:34:21+00:00\",\"breadcrumb\":{\"@id\":\"https:\/\/2bbiobeauty.com\/conditions-generale-de-vente-2b-bio-beauty\/#breadcrumb\"},\"inLanguage\":\"nl-NL\",\"potentialAction\":[{\"@type\":\"ReadAction\",\"target\":[\"https:\/\/2bbiobeauty.com\/conditions-generale-de-vente-2b-bio-beauty\/\"]}]},{\"@type\":\"BreadcrumbList\",\"@id\":\"https:\/\/2bbiobeauty.com\/conditions-generale-de-vente-2b-bio-beauty\/#breadcrumb\",\"itemListElement\":[{\"@type\":\"ListItem\",\"position\":1,\"name\":\"Accueil\",\"item\":\"https:\/\/2bbiobeauty.com\/nl\/\"},{\"@type\":\"ListItem\",\"position\":2,\"name\":\"Verkoopvoorwaarden\"}]},{\"@type\":\"WebSite\",\"@id\":\"https:\/\/2bbiobeauty.com\/#website\",\"url\":\"https:\/\/2bbiobeauty.com\/\",\"name\":\"2B Bio Beauty\u00ae\",\"description\":\"2B Bio Beauty\u00ae\",\"publisher\":{\"@id\":\"https:\/\/2bbiobeauty.com\/#organization\"},\"potentialAction\":[{\"@type\":\"SearchAction\",\"target\":{\"@type\":\"EntryPoint\",\"urlTemplate\":\"https:\/\/2bbiobeauty.com\/?s={search_term_string}\"},\"query-input\":{\"@type\":\"PropertyValueSpecification\",\"valueRequired\":true,\"valueName\":\"search_term_string\"}}],\"inLanguage\":\"nl-NL\"},{\"@type\":\"Organization\",\"@id\":\"https:\/\/2bbiobeauty.com\/#organization\",\"name\":\"2B Bio Beauty\u00ae Eshop\",\"url\":\"https:\/\/2bbiobeauty.com\/\",\"logo\":{\"@type\":\"ImageObject\",\"inLanguage\":\"nl-NL\",\"@id\":\"https:\/\/2bbiobeauty.com\/#\/schema\/logo\/image\/\",\"url\":\"https:\/\/2bbiobeauty.com\/wp-content\/uploads\/web-app-manifest-512x512-1.png\",\"contentUrl\":\"https:\/\/2bbiobeauty.com\/wp-content\/uploads\/web-app-manifest-512x512-1.png\",\"width\":512,\"height\":512,\"caption\":\"2B Bio Beauty\u00ae Eshop\"},\"image\":{\"@id\":\"https:\/\/2bbiobeauty.com\/#\/schema\/logo\/image\/\"},\"sameAs\":[\"https:\/\/www.facebook.com\/2bbiobeauty.official\",\"https:\/\/www.instagram.com\/2bbiobeauty.official\/\",\"https:\/\/www.youtube.com\/@2BBioBeauty\"]}]}<\/script>\n<!-- \/ Yoast SEO plugin. -->","yoast_head_json":{"title":"Verkoopvoorwaarden - 2B Bio Beauty\u00ae","robots":{"index":"index","follow":"follow","max-snippet":"max-snippet:-1","max-image-preview":"max-image-preview:large","max-video-preview":"max-video-preview:-1"},"canonical":"https:\/\/2bbiobeauty.com\/conditions-generale-de-vente-2b-bio-beauty\/","og_locale":"nl_NL","og_type":"article","og_title":"Verkoopvoorwaarden - 2B Bio Beauty\u00ae","og_url":"https:\/\/2bbiobeauty.com\/conditions-generale-de-vente-2b-bio-beauty\/","og_site_name":"2B Bio Beauty\u00ae","article_publisher":"https:\/\/www.facebook.com\/2bbiobeauty.official","article_modified_time":"2025-10-06T12:34:21+00:00","twitter_card":"summary_large_image","twitter_misc":{"Geschatte leestijd":"10 minuut"},"schema":{"@context":"https:\/\/schema.org","@graph":[{"@type":"WebPage","@id":"https:\/\/2bbiobeauty.com\/conditions-generale-de-vente-2b-bio-beauty\/","url":"https:\/\/2bbiobeauty.com\/conditions-generale-de-vente-2b-bio-beauty\/","name":"Verkoopvoorwaarden - 2B Bio Beauty\u00ae","isPartOf":{"@id":"https:\/\/2bbiobeauty.com\/#website"},"datePublished":"2025-09-27T20:06:10+00:00","dateModified":"2025-10-06T12:34:21+00:00","breadcrumb":{"@id":"https:\/\/2bbiobeauty.com\/conditions-generale-de-vente-2b-bio-beauty\/#breadcrumb"},"inLanguage":"nl-NL","potentialAction":[{"@type":"ReadAction","target":["https:\/\/2bbiobeauty.com\/conditions-generale-de-vente-2b-bio-beauty\/"]}]},{"@type":"BreadcrumbList","@id":"https:\/\/2bbiobeauty.com\/conditions-generale-de-vente-2b-bio-beauty\/#breadcrumb","itemListElement":[{"@type":"ListItem","position":1,"name":"Accueil","item":"https:\/\/2bbiobeauty.com\/nl\/"},{"@type":"ListItem","position":2,"name":"Verkoopvoorwaarden"}]},{"@type":"WebSite","@id":"https:\/\/2bbiobeauty.com\/#website","url":"https:\/\/2bbiobeauty.com\/","name":"2B Bio Beauty\u00ae","description":"2B Bio Beauty\u00ae","publisher":{"@id":"https:\/\/2bbiobeauty.com\/#organization"},"potentialAction":[{"@type":"SearchAction","target":{"@type":"EntryPoint","urlTemplate":"https:\/\/2bbiobeauty.com\/?s={search_term_string}"},"query-input":{"@type":"PropertyValueSpecification","valueRequired":true,"valueName":"search_term_string"}}],"inLanguage":"nl-NL"},{"@type":"Organization","@id":"https:\/\/2bbiobeauty.com\/#organization","name":"2B Bio Beauty\u00ae Eshop","url":"https:\/\/2bbiobeauty.com\/","logo":{"@type":"ImageObject","inLanguage":"nl-NL","@id":"https:\/\/2bbiobeauty.com\/#\/schema\/logo\/image\/","url":"https:\/\/2bbiobeauty.com\/wp-content\/uploads\/web-app-manifest-512x512-1.png","contentUrl":"https:\/\/2bbiobeauty.com\/wp-content\/uploads\/web-app-manifest-512x512-1.png","width":512,"height":512,"caption":"2B Bio Beauty\u00ae Eshop"},"image":{"@id":"https:\/\/2bbiobeauty.com\/#\/schema\/logo\/image\/"},"sameAs":["https:\/\/www.facebook.com\/2bbiobeauty.official","https:\/\/www.instagram.com\/2bbiobeauty.official\/","https:\/\/www.youtube.com\/@2BBioBeauty"]}]}},"_links":{"self":[{"href":"https:\/\/2bbiobeauty.com\/nl\/wp-json\/wp\/v2\/pages\/1340","targetHints":{"allow":["GET"]}}],"collection":[{"href":"https:\/\/2bbiobeauty.com\/nl\/wp-json\/wp\/v2\/pages"}],"about":[{"href":"https:\/\/2bbiobeauty.com\/nl\/wp-json\/wp\/v2\/types\/page"}],"author":[{"embeddable":true,"href":"https:\/\/2bbiobeauty.com\/nl\/wp-json\/wp\/v2\/users\/1"}],"replies":[{"embeddable":true,"href":"https:\/\/2bbiobeauty.com\/nl\/wp-json\/wp\/v2\/comments?post=1340"}],"version-history":[{"count":3,"href":"https:\/\/2bbiobeauty.com\/nl\/wp-json\/wp\/v2\/pages\/1340\/revisions"}],"predecessor-version":[{"id":1356,"href":"https:\/\/2bbiobeauty.com\/nl\/wp-json\/wp\/v2\/pages\/1340\/revisions\/1356"}],"wp:attachment":[{"href":"https:\/\/2bbiobeauty.com\/nl\/wp-json\/wp\/v2\/media?parent=1340"}],"curies":[{"name":"wp","href":"https:\/\/api.w.org\/{rel}","templated":true}]}}