{"id":54821,"date":"2025-09-18T06:23:19","date_gmt":"2025-09-18T06:23:19","guid":{"rendered":"https:\/\/2bbiobeauty.com\/products\/2b-bio-defense-natural\/"},"modified":"2026-03-18T13:36:47","modified_gmt":"2026-03-18T13:36:47","slug":"2b-bio-defense-natural","status":"publish","type":"product","link":"https:\/\/2bbiobeauty.com\/es\/products\/2b-bio-defense-natural\/","title":{"rendered":"2B Bio D\u00e9fense Natural"},"content":{"rendered":"<p>Alta protecci\u00f3n natural SPF30<\/p>\n","protected":false},"excerpt":{"rendered":"<p>Alta protecci\u00f3n natural SPF30<\/p>\n","protected":false},"featured_media":54823,"comment_status":"open","ping_status":"closed","template":"","meta":{"_acf_changed":false,"inline_featured_image":false},"product_brand":[21],"product_cat":[867,998,1003,999,1004,1000,996,1001,997,1002,887,891,893,894,895,897],"product_tag":[1005],"class_list":{"0":"post-54821","1":"product","2":"type-product","3":"status-publish","4":"has-post-thumbnail","6":"product_brand-2b-bio-beauty","7":"product_cat-gamme-2b-bio-beauty","8":"product_cat-proteger-soin-slow-age-peau-mature","9":"product_cat-proteger-soin-slow-age-peau-normale-peau-seche","10":"product_cat-proteger-soin-assainissant-peau-grasse-acneique","11":"product_cat-proteger-soin-eclaircissant-peau-grasse-hyperpigmentee","12":"product_cat-proteger-soin-liftant-raffermissant","13":"product_cat-proteger","14":"product_cat-proteger-soin-remineralisant-et-apaisant","15":"product_cat-proteger-soin-enzymatique-dermo-purifiant","16":"product_cat-proteger-soin-eclaircissant-peau-hyperpigmentee","17":"product_cat-routine-beaute","18":"product_cat-soin-enzymatique-dermo-purifiant","19":"product_cat-soin-liftant-raffermissant","20":"product_cat-soin-remineralisant-et-apaisant","21":"product_cat-soin-slow-age-peau-mature","22":"product_cat-visage","23":"product_tag-filtres-uv","24":"pa_contenance-40-ml","25":"pa_filters-filtros-uv","26":"pa_naturalite-1006","27":"pa_protect-filtres-uv","28":"pa_skin-types-normal","29":"pa_skin-types-seca","30":"pa_skin-types-grasa","31":"pa_skin-types-mixta","32":"pa_skin-types-sensible","33":"pa_skin-types-madura","34":"pa_skin-types-hiperpigmentada","35":"pa_zone-rostro","37":"first","38":"instock","39":"taxable","40":"shipping-taxable","41":"purchasable","42":"product-type-simple"},"acf":[],"yoast_head":"<!-- This site is optimized with the Yoast SEO plugin v26.5 - https:\/\/yoast.com\/wordpress\/plugins\/seo\/ -->\n<title>2B Bio D\u00e9fense Natural - 2B Bio Beauty\u00ae - Protector solar de alta protecci\u00f3n SPF30 para todo tipo de pieles.<\/title>\n<meta name=\"description\" content=\"Protector solar de alta protecci\u00f3n SPF30 para todo tipo de pieles, incluso las m\u00e1s fr\u00e1giles: ayuda a proteger la piel contra los rayos\u00a0UV y proporciona un acabado natural. Aplicar a diario, especialmente tras un tratamiento intensivo.\" \/>\n<meta name=\"robots\" content=\"index, follow, max-snippet:-1, max-image-preview:large, max-video-preview:-1\" \/>\n<link rel=\"canonical\" href=\"https:\/\/2bbiobeauty.com\/es\/products\/2b-bio-defense-natural\/\" \/>\n<meta property=\"og:locale\" content=\"es_ES\" \/>\n<meta property=\"og:type\" content=\"article\" \/>\n<meta property=\"og:title\" content=\"2B Bio D\u00e9fense Natural - 2B Bio Beauty\u00ae - Protector solar de alta protecci\u00f3n SPF30 para todo tipo de pieles.\" \/>\n<meta property=\"og:description\" content=\"Protector solar de alta protecci\u00f3n SPF30 para todo tipo de pieles, incluso las m\u00e1s fr\u00e1giles: ayuda a proteger la piel contra los rayos\u00a0UV y proporciona un acabado natural. Aplicar a diario, especialmente tras un tratamiento intensivo.\" \/>\n<meta property=\"og:url\" content=\"https:\/\/2bbiobeauty.com\/es\/products\/2b-bio-defense-natural\/\" \/>\n<meta property=\"og:site_name\" content=\"2B Bio Beauty\u00ae\" \/>\n<meta property=\"article:publisher\" content=\"https:\/\/www.facebook.com\/2bbiobeauty.official\" \/>\n<meta property=\"article:modified_time\" content=\"2026-03-18T13:36:47+00:00\" \/>\n<meta property=\"og:image\" content=\"https:\/\/2bbiobeauty.com\/wp-content\/uploads\/2_B_Bio_Beauty_Bio_Defense_Natural_40ml_01_c2909d22a1.jpg\" \/>\n\t<meta property=\"og:image:width\" content=\"1024\" \/>\n\t<meta property=\"og:image:height\" content=\"1024\" \/>\n\t<meta property=\"og:image:type\" content=\"image\/jpeg\" \/>\n<meta name=\"twitter:card\" content=\"summary_large_image\" \/>\n<meta name=\"twitter:label1\" content=\"Tiempo de lectura\" \/>\n\t<meta name=\"twitter:data1\" content=\"1 minuto\" \/>\n<script type=\"application\/ld+json\" class=\"yoast-schema-graph\">{\"@context\":\"https:\/\/schema.org\",\"@graph\":[{\"@type\":\"WebPage\",\"@id\":\"https:\/\/2bbiobeauty.com\/es\/products\/2b-bio-defense-natural\/\",\"url\":\"https:\/\/2bbiobeauty.com\/es\/products\/2b-bio-defense-natural\/\",\"name\":\"2B Bio D\u00e9fense Natural - 2B Bio Beauty\u00ae - Protector solar de alta protecci\u00f3n SPF30 para todo tipo de pieles.\",\"isPartOf\":{\"@id\":\"https:\/\/2bbiobeauty.com\/#website\"},\"primaryImageOfPage\":{\"@id\":\"https:\/\/2bbiobeauty.com\/es\/products\/2b-bio-defense-natural\/#primaryimage\"},\"image\":{\"@id\":\"https:\/\/2bbiobeauty.com\/es\/products\/2b-bio-defense-natural\/#primaryimage\"},\"thumbnailUrl\":\"https:\/\/2bbiobeauty.com\/wp-content\/uploads\/2_B_Bio_Beauty_Bio_Defense_Natural_40ml_01_c2909d22a1.jpg\",\"datePublished\":\"2025-09-18T06:23:19+00:00\",\"dateModified\":\"2026-03-18T13:36:47+00:00\",\"description\":\"Protector solar de alta protecci\u00f3n SPF30 para todo tipo de pieles, incluso las m\u00e1s fr\u00e1giles: ayuda a proteger la piel contra los rayos\u00a0UV y proporciona un acabado natural. Aplicar a diario, especialmente tras un tratamiento intensivo.\",\"breadcrumb\":{\"@id\":\"https:\/\/2bbiobeauty.com\/es\/products\/2b-bio-defense-natural\/#breadcrumb\"},\"inLanguage\":\"es\",\"potentialAction\":[{\"@type\":\"ReadAction\",\"target\":[\"https:\/\/2bbiobeauty.com\/es\/products\/2b-bio-defense-natural\/\"]}]},{\"@type\":\"ImageObject\",\"inLanguage\":\"es\",\"@id\":\"https:\/\/2bbiobeauty.com\/es\/products\/2b-bio-defense-natural\/#primaryimage\",\"url\":\"https:\/\/2bbiobeauty.com\/wp-content\/uploads\/2_B_Bio_Beauty_Bio_Defense_Natural_40ml_01_c2909d22a1.jpg\",\"contentUrl\":\"https:\/\/2bbiobeauty.com\/wp-content\/uploads\/2_B_Bio_Beauty_Bio_Defense_Natural_40ml_01_c2909d22a1.jpg\",\"width\":1024,\"height\":1024},{\"@type\":\"BreadcrumbList\",\"@id\":\"https:\/\/2bbiobeauty.com\/es\/products\/2b-bio-defense-natural\/#breadcrumb\",\"itemListElement\":[{\"@type\":\"ListItem\",\"position\":1,\"name\":\"Accueil\",\"item\":\"https:\/\/2bbiobeauty.com\/es\/\"},{\"@type\":\"ListItem\",\"position\":2,\"name\":\"Productos\",\"item\":\"https:\/\/2bbiobeauty.com\/es\/productos\/\"},{\"@type\":\"ListItem\",\"position\":3,\"name\":\"2B Bio D\u00e9fense Natural\"}]},{\"@type\":\"WebSite\",\"@id\":\"https:\/\/2bbiobeauty.com\/#website\",\"url\":\"https:\/\/2bbiobeauty.com\/\",\"name\":\"2B Bio Beauty\u00ae\",\"description\":\"2B Bio Beauty\u00ae\",\"publisher\":{\"@id\":\"https:\/\/2bbiobeauty.com\/#organization\"},\"potentialAction\":[{\"@type\":\"SearchAction\",\"target\":{\"@type\":\"EntryPoint\",\"urlTemplate\":\"https:\/\/2bbiobeauty.com\/?s={search_term_string}\"},\"query-input\":{\"@type\":\"PropertyValueSpecification\",\"valueRequired\":true,\"valueName\":\"search_term_string\"}}],\"inLanguage\":\"es\"},{\"@type\":\"Organization\",\"@id\":\"https:\/\/2bbiobeauty.com\/#organization\",\"name\":\"2B Bio Beauty\u00ae Eshop\",\"url\":\"https:\/\/2bbiobeauty.com\/\",\"logo\":{\"@type\":\"ImageObject\",\"inLanguage\":\"es\",\"@id\":\"https:\/\/2bbiobeauty.com\/#\/schema\/logo\/image\/\",\"url\":\"https:\/\/2bbiobeauty.com\/wp-content\/uploads\/web-app-manifest-512x512-1.png\",\"contentUrl\":\"https:\/\/2bbiobeauty.com\/wp-content\/uploads\/web-app-manifest-512x512-1.png\",\"width\":512,\"height\":512,\"caption\":\"2B Bio Beauty\u00ae Eshop\"},\"image\":{\"@id\":\"https:\/\/2bbiobeauty.com\/#\/schema\/logo\/image\/\"},\"sameAs\":[\"https:\/\/www.facebook.com\/2bbiobeauty.official\",\"https:\/\/www.instagram.com\/2bbiobeauty.official\/\",\"https:\/\/www.youtube.com\/@2BBioBeauty\"]}]}<\/script>\n<!-- \/ Yoast SEO plugin. -->","yoast_head_json":{"title":"2B Bio D\u00e9fense Natural - 2B Bio Beauty\u00ae - Protector solar de alta protecci\u00f3n SPF30 para todo tipo de pieles.","description":"Protector solar de alta protecci\u00f3n SPF30 para todo tipo de pieles, incluso las m\u00e1s fr\u00e1giles: ayuda a proteger la piel contra los rayos\u00a0UV y proporciona un acabado natural. Aplicar a diario, especialmente tras un tratamiento intensivo.","robots":{"index":"index","follow":"follow","max-snippet":"max-snippet:-1","max-image-preview":"max-image-preview:large","max-video-preview":"max-video-preview:-1"},"canonical":"https:\/\/2bbiobeauty.com\/es\/products\/2b-bio-defense-natural\/","og_locale":"es_ES","og_type":"article","og_title":"2B Bio D\u00e9fense Natural - 2B Bio Beauty\u00ae - Protector solar de alta protecci\u00f3n SPF30 para todo tipo de pieles.","og_description":"Protector solar de alta protecci\u00f3n SPF30 para todo tipo de pieles, incluso las m\u00e1s fr\u00e1giles: ayuda a proteger la piel contra los rayos\u00a0UV y proporciona un acabado natural. Aplicar a diario, especialmente tras un tratamiento intensivo.","og_url":"https:\/\/2bbiobeauty.com\/es\/products\/2b-bio-defense-natural\/","og_site_name":"2B Bio Beauty\u00ae","article_publisher":"https:\/\/www.facebook.com\/2bbiobeauty.official","article_modified_time":"2026-03-18T13:36:47+00:00","og_image":[{"width":1024,"height":1024,"url":"https:\/\/2bbiobeauty.com\/wp-content\/uploads\/2_B_Bio_Beauty_Bio_Defense_Natural_40ml_01_c2909d22a1.jpg","type":"image\/jpeg"}],"twitter_card":"summary_large_image","twitter_misc":{"Tiempo de lectura":"1 minuto"},"schema":{"@context":"https:\/\/schema.org","@graph":[{"@type":"WebPage","@id":"https:\/\/2bbiobeauty.com\/es\/products\/2b-bio-defense-natural\/","url":"https:\/\/2bbiobeauty.com\/es\/products\/2b-bio-defense-natural\/","name":"2B Bio D\u00e9fense Natural - 2B Bio Beauty\u00ae - Protector solar de alta protecci\u00f3n SPF30 para todo tipo de pieles.","isPartOf":{"@id":"https:\/\/2bbiobeauty.com\/#website"},"primaryImageOfPage":{"@id":"https:\/\/2bbiobeauty.com\/es\/products\/2b-bio-defense-natural\/#primaryimage"},"image":{"@id":"https:\/\/2bbiobeauty.com\/es\/products\/2b-bio-defense-natural\/#primaryimage"},"thumbnailUrl":"https:\/\/2bbiobeauty.com\/wp-content\/uploads\/2_B_Bio_Beauty_Bio_Defense_Natural_40ml_01_c2909d22a1.jpg","datePublished":"2025-09-18T06:23:19+00:00","dateModified":"2026-03-18T13:36:47+00:00","description":"Protector solar de alta protecci\u00f3n SPF30 para todo tipo de pieles, incluso las m\u00e1s fr\u00e1giles: ayuda a proteger la piel contra los rayos\u00a0UV y proporciona un acabado natural. Aplicar a diario, especialmente tras un tratamiento intensivo.","breadcrumb":{"@id":"https:\/\/2bbiobeauty.com\/es\/products\/2b-bio-defense-natural\/#breadcrumb"},"inLanguage":"es","potentialAction":[{"@type":"ReadAction","target":["https:\/\/2bbiobeauty.com\/es\/products\/2b-bio-defense-natural\/"]}]},{"@type":"ImageObject","inLanguage":"es","@id":"https:\/\/2bbiobeauty.com\/es\/products\/2b-bio-defense-natural\/#primaryimage","url":"https:\/\/2bbiobeauty.com\/wp-content\/uploads\/2_B_Bio_Beauty_Bio_Defense_Natural_40ml_01_c2909d22a1.jpg","contentUrl":"https:\/\/2bbiobeauty.com\/wp-content\/uploads\/2_B_Bio_Beauty_Bio_Defense_Natural_40ml_01_c2909d22a1.jpg","width":1024,"height":1024},{"@type":"BreadcrumbList","@id":"https:\/\/2bbiobeauty.com\/es\/products\/2b-bio-defense-natural\/#breadcrumb","itemListElement":[{"@type":"ListItem","position":1,"name":"Accueil","item":"https:\/\/2bbiobeauty.com\/es\/"},{"@type":"ListItem","position":2,"name":"Productos","item":"https:\/\/2bbiobeauty.com\/es\/productos\/"},{"@type":"ListItem","position":3,"name":"2B Bio D\u00e9fense Natural"}]},{"@type":"WebSite","@id":"https:\/\/2bbiobeauty.com\/#website","url":"https:\/\/2bbiobeauty.com\/","name":"2B Bio Beauty\u00ae","description":"2B Bio Beauty\u00ae","publisher":{"@id":"https:\/\/2bbiobeauty.com\/#organization"},"potentialAction":[{"@type":"SearchAction","target":{"@type":"EntryPoint","urlTemplate":"https:\/\/2bbiobeauty.com\/?s={search_term_string}"},"query-input":{"@type":"PropertyValueSpecification","valueRequired":true,"valueName":"search_term_string"}}],"inLanguage":"es"},{"@type":"Organization","@id":"https:\/\/2bbiobeauty.com\/#organization","name":"2B Bio Beauty\u00ae Eshop","url":"https:\/\/2bbiobeauty.com\/","logo":{"@type":"ImageObject","inLanguage":"es","@id":"https:\/\/2bbiobeauty.com\/#\/schema\/logo\/image\/","url":"https:\/\/2bbiobeauty.com\/wp-content\/uploads\/web-app-manifest-512x512-1.png","contentUrl":"https:\/\/2bbiobeauty.com\/wp-content\/uploads\/web-app-manifest-512x512-1.png","width":512,"height":512,"caption":"2B Bio Beauty\u00ae Eshop"},"image":{"@id":"https:\/\/2bbiobeauty.com\/#\/schema\/logo\/image\/"},"sameAs":["https:\/\/www.facebook.com\/2bbiobeauty.official","https:\/\/www.instagram.com\/2bbiobeauty.official\/","https:\/\/www.youtube.com\/@2BBioBeauty"]}]}},"_links":{"self":[{"href":"https:\/\/2bbiobeauty.com\/es\/wp-json\/wp\/v2\/product\/54821","targetHints":{"allow":["GET"]}}],"collection":[{"href":"https:\/\/2bbiobeauty.com\/es\/wp-json\/wp\/v2\/product"}],"about":[{"href":"https:\/\/2bbiobeauty.com\/es\/wp-json\/wp\/v2\/types\/product"}],"replies":[{"embeddable":true,"href":"https:\/\/2bbiobeauty.com\/es\/wp-json\/wp\/v2\/comments?post=54821"}],"wp:featuredmedia":[{"embeddable":true,"href":"https:\/\/2bbiobeauty.com\/es\/wp-json\/wp\/v2\/media\/54823"}],"wp:attachment":[{"href":"https:\/\/2bbiobeauty.com\/es\/wp-json\/wp\/v2\/media?parent=54821"}],"wp:term":[{"taxonomy":"product_brand","embeddable":true,"href":"https:\/\/2bbiobeauty.com\/es\/wp-json\/wp\/v2\/product_brand?post=54821"},{"taxonomy":"product_cat","embeddable":true,"href":"https:\/\/2bbiobeauty.com\/es\/wp-json\/wp\/v2\/product_cat?post=54821"},{"taxonomy":"product_tag","embeddable":true,"href":"https:\/\/2bbiobeauty.com\/es\/wp-json\/wp\/v2\/product_tag?post=54821"}],"curies":[{"name":"wp","href":"https:\/\/api.w.org\/{rel}","templated":true}]}}