{"id":54760,"date":"2025-09-18T17:18:35","date_gmt":"2025-09-18T17:18:35","guid":{"rendered":"https:\/\/2bbiobeauty.com\/products\/2b-bio-regard\/"},"modified":"2026-03-17T12:16:28","modified_gmt":"2026-03-17T12:16:28","slug":"2b-bio-regard","status":"publish","type":"product","link":"https:\/\/2bbiobeauty.com\/es\/products\/2b-bio-regard\/","title":{"rendered":"2B Bio Regard"},"content":{"rendered":"<p>Gel crema espec\u00edfico para contorno de ojos y labios<\/p>\n","protected":false},"excerpt":{"rendered":"<p>Gel crema espec\u00edfico para contorno de ojos y labios<\/p>\n","protected":false},"featured_media":54761,"comment_status":"open","ping_status":"closed","template":"","meta":{"_acf_changed":false,"inline_featured_image":false},"product_brand":[21],"product_cat":[920,927,923,929,924,952,925,926,867,935,936,937,931,938,953,932,939,887,888,889,890,893,897],"product_tag":[944],"class_list":{"0":"post-54760","1":"product","2":"type-product","3":"status-publish","4":"has-post-thumbnail","6":"product_brand-2b-bio-beauty","7":"product_cat-apaiser-soin-slow-age-peau-mature","8":"product_cat-apaiser","9":"product_cat-apaiser-soin-eclaircissant-peau-grasse-hyperpigmentee","10":"product_cat-apaiser-soin-eclaircissant-peau-hyperpigmentee","11":"product_cat-apaiser-soin-liftant-raffermissant","12":"product_cat-apaiser-soin-remineralisant-et-apaisant","13":"product_cat-apaiser-soin-assainissant-peau-grasse-acneique","14":"product_cat-apaiser-soin-slow-age-peau-normale-peau-seche","15":"product_cat-gamme-2b-bio-beauty","16":"product_cat-nourrir-soin-eclaircissant-peau-grasse-hyperpigmentee","17":"product_cat-nourrir-soin-liftant-raffermissant","18":"product_cat-nourrir-soin-assainissant-peau-grasse-acneique","19":"product_cat-nourrir-soin-eclaircissant-peau-hyperpigmentee","20":"product_cat-nourrir-soin-slow-age-peau-normale-peau-seche","21":"product_cat-nourrir-soin-remineralisant-et-apaisant","22":"product_cat-nourrir-soin-slow-age-peau-mature","23":"product_cat-nourrir","24":"product_cat-routine-beaute","25":"product_cat-soin-assainissant-peau-grasse-acneique","26":"product_cat-soin-eclaircissant-peau-grasse-hyperpigmentee","27":"product_cat-soin-eclaircissant-peau-hyperpigmentee","28":"product_cat-soin-liftant-raffermissant","29":"product_cat-visage","30":"product_tag-cremes-gels","31":"pa_contenance-15-ml","32":"pa_filters-cremas-y-geles","33":"pa_naturalite-955","34":"pa_skin-types-grasa","35":"pa_skin-types-hiperpigmentada","36":"pa_skin-types-madura","37":"pa_skin-types-mixta","38":"pa_skin-types-normal","39":"pa_skin-types-seca","40":"pa_skin-types-sensible","41":"pa_treat-cremes-gels","42":"pa_zone-rostro","44":"first","45":"instock","46":"taxable","47":"shipping-taxable","48":"purchasable","49":"product-type-simple"},"acf":[],"yoast_head":"<!-- This site is optimized with the Yoast SEO plugin v26.5 - https:\/\/yoast.com\/wordpress\/plugins\/seo\/ -->\n<title>2B Bio Regard - 2B Bio Beauty\u00ae - Gel crema antifatiga e hidratante para el contorno de ojos y labios.<\/title>\n<meta name=\"description\" content=\"Gel crema antifatiga e hidratante para el contorno de ojos y labios: ayuda a suavizar la apariencia de bolsas, ojeras, arrugas y l\u00edneas de expresi\u00f3n. Textura fundente, usar por la ma\u00f1ana y por la noche\" \/>\n<meta name=\"robots\" content=\"index, follow, max-snippet:-1, max-image-preview:large, max-video-preview:-1\" \/>\n<link rel=\"canonical\" href=\"https:\/\/2bbiobeauty.com\/es\/products\/2b-bio-regard\/\" \/>\n<meta property=\"og:locale\" content=\"es_ES\" \/>\n<meta property=\"og:type\" content=\"article\" \/>\n<meta property=\"og:title\" content=\"2B Bio Regard - 2B Bio Beauty\u00ae - Gel crema antifatiga e hidratante para el contorno de ojos y labios.\" \/>\n<meta property=\"og:description\" content=\"Gel crema antifatiga e hidratante para el contorno de ojos y labios: ayuda a suavizar la apariencia de bolsas, ojeras, arrugas y l\u00edneas de expresi\u00f3n. Textura fundente, usar por la ma\u00f1ana y por la noche\" \/>\n<meta property=\"og:url\" content=\"https:\/\/2bbiobeauty.com\/es\/products\/2b-bio-regard\/\" \/>\n<meta property=\"og:site_name\" content=\"2B Bio Beauty\u00ae\" \/>\n<meta property=\"article:publisher\" content=\"https:\/\/www.facebook.com\/2bbiobeauty.official\" \/>\n<meta property=\"article:modified_time\" content=\"2026-03-17T12:16:28+00:00\" \/>\n<meta property=\"og:image\" content=\"https:\/\/2bbiobeauty.com\/wp-content\/uploads\/2_B_Bio_Beauty_Bio_Regard_15ml_01_45d081ae13.webp\" \/>\n\t<meta property=\"og:image:width\" content=\"1024\" \/>\n\t<meta property=\"og:image:height\" content=\"1024\" \/>\n\t<meta property=\"og:image:type\" content=\"image\/webp\" \/>\n<meta name=\"twitter:card\" content=\"summary_large_image\" \/>\n<meta name=\"twitter:label1\" content=\"Tiempo de lectura\" \/>\n\t<meta name=\"twitter:data1\" content=\"1 minuto\" \/>\n<script type=\"application\/ld+json\" class=\"yoast-schema-graph\">{\"@context\":\"https:\/\/schema.org\",\"@graph\":[{\"@type\":\"WebPage\",\"@id\":\"https:\/\/2bbiobeauty.com\/es\/products\/2b-bio-regard\/\",\"url\":\"https:\/\/2bbiobeauty.com\/es\/products\/2b-bio-regard\/\",\"name\":\"2B Bio Regard - 2B Bio Beauty\u00ae - Gel crema antifatiga e hidratante para el contorno de ojos y labios.\",\"isPartOf\":{\"@id\":\"https:\/\/2bbiobeauty.com\/#website\"},\"primaryImageOfPage\":{\"@id\":\"https:\/\/2bbiobeauty.com\/es\/products\/2b-bio-regard\/#primaryimage\"},\"image\":{\"@id\":\"https:\/\/2bbiobeauty.com\/es\/products\/2b-bio-regard\/#primaryimage\"},\"thumbnailUrl\":\"https:\/\/2bbiobeauty.com\/wp-content\/uploads\/2_B_Bio_Beauty_Bio_Regard_15ml_01_45d081ae13.webp\",\"datePublished\":\"2025-09-18T17:18:35+00:00\",\"dateModified\":\"2026-03-17T12:16:28+00:00\",\"description\":\"Gel crema antifatiga e hidratante para el contorno de ojos y labios: ayuda a suavizar la apariencia de bolsas, ojeras, arrugas y l\u00edneas de expresi\u00f3n. Textura fundente, usar por la ma\u00f1ana y por la noche\",\"breadcrumb\":{\"@id\":\"https:\/\/2bbiobeauty.com\/es\/products\/2b-bio-regard\/#breadcrumb\"},\"inLanguage\":\"es\",\"potentialAction\":[{\"@type\":\"ReadAction\",\"target\":[\"https:\/\/2bbiobeauty.com\/es\/products\/2b-bio-regard\/\"]}]},{\"@type\":\"ImageObject\",\"inLanguage\":\"es\",\"@id\":\"https:\/\/2bbiobeauty.com\/es\/products\/2b-bio-regard\/#primaryimage\",\"url\":\"https:\/\/2bbiobeauty.com\/wp-content\/uploads\/2_B_Bio_Beauty_Bio_Regard_15ml_01_45d081ae13.webp\",\"contentUrl\":\"https:\/\/2bbiobeauty.com\/wp-content\/uploads\/2_B_Bio_Beauty_Bio_Regard_15ml_01_45d081ae13.webp\",\"width\":1024,\"height\":1024},{\"@type\":\"BreadcrumbList\",\"@id\":\"https:\/\/2bbiobeauty.com\/es\/products\/2b-bio-regard\/#breadcrumb\",\"itemListElement\":[{\"@type\":\"ListItem\",\"position\":1,\"name\":\"Accueil\",\"item\":\"https:\/\/2bbiobeauty.com\/es\/\"},{\"@type\":\"ListItem\",\"position\":2,\"name\":\"Productos\",\"item\":\"https:\/\/2bbiobeauty.com\/es\/productos\/\"},{\"@type\":\"ListItem\",\"position\":3,\"name\":\"2B Bio Regard\"}]},{\"@type\":\"WebSite\",\"@id\":\"https:\/\/2bbiobeauty.com\/#website\",\"url\":\"https:\/\/2bbiobeauty.com\/\",\"name\":\"2B Bio Beauty\u00ae\",\"description\":\"2B Bio Beauty\u00ae\",\"publisher\":{\"@id\":\"https:\/\/2bbiobeauty.com\/#organization\"},\"potentialAction\":[{\"@type\":\"SearchAction\",\"target\":{\"@type\":\"EntryPoint\",\"urlTemplate\":\"https:\/\/2bbiobeauty.com\/?s={search_term_string}\"},\"query-input\":{\"@type\":\"PropertyValueSpecification\",\"valueRequired\":true,\"valueName\":\"search_term_string\"}}],\"inLanguage\":\"es\"},{\"@type\":\"Organization\",\"@id\":\"https:\/\/2bbiobeauty.com\/#organization\",\"name\":\"2B Bio Beauty\u00ae Eshop\",\"url\":\"https:\/\/2bbiobeauty.com\/\",\"logo\":{\"@type\":\"ImageObject\",\"inLanguage\":\"es\",\"@id\":\"https:\/\/2bbiobeauty.com\/#\/schema\/logo\/image\/\",\"url\":\"https:\/\/2bbiobeauty.com\/wp-content\/uploads\/web-app-manifest-512x512-1.png\",\"contentUrl\":\"https:\/\/2bbiobeauty.com\/wp-content\/uploads\/web-app-manifest-512x512-1.png\",\"width\":512,\"height\":512,\"caption\":\"2B Bio Beauty\u00ae Eshop\"},\"image\":{\"@id\":\"https:\/\/2bbiobeauty.com\/#\/schema\/logo\/image\/\"},\"sameAs\":[\"https:\/\/www.facebook.com\/2bbiobeauty.official\",\"https:\/\/www.instagram.com\/2bbiobeauty.official\/\",\"https:\/\/www.youtube.com\/@2BBioBeauty\"]}]}<\/script>\n<!-- \/ Yoast SEO plugin. -->","yoast_head_json":{"title":"2B Bio Regard - 2B Bio Beauty\u00ae - Gel crema antifatiga e hidratante para el contorno de ojos y labios.","description":"Gel crema antifatiga e hidratante para el contorno de ojos y labios: ayuda a suavizar la apariencia de bolsas, ojeras, arrugas y l\u00edneas de expresi\u00f3n. Textura fundente, usar por la ma\u00f1ana y por la noche","robots":{"index":"index","follow":"follow","max-snippet":"max-snippet:-1","max-image-preview":"max-image-preview:large","max-video-preview":"max-video-preview:-1"},"canonical":"https:\/\/2bbiobeauty.com\/es\/products\/2b-bio-regard\/","og_locale":"es_ES","og_type":"article","og_title":"2B Bio Regard - 2B Bio Beauty\u00ae - Gel crema antifatiga e hidratante para el contorno de ojos y labios.","og_description":"Gel crema antifatiga e hidratante para el contorno de ojos y labios: ayuda a suavizar la apariencia de bolsas, ojeras, arrugas y l\u00edneas de expresi\u00f3n. Textura fundente, usar por la ma\u00f1ana y por la noche","og_url":"https:\/\/2bbiobeauty.com\/es\/products\/2b-bio-regard\/","og_site_name":"2B Bio Beauty\u00ae","article_publisher":"https:\/\/www.facebook.com\/2bbiobeauty.official","article_modified_time":"2026-03-17T12:16:28+00:00","og_image":[{"width":1024,"height":1024,"url":"https:\/\/2bbiobeauty.com\/wp-content\/uploads\/2_B_Bio_Beauty_Bio_Regard_15ml_01_45d081ae13.webp","type":"image\/webp"}],"twitter_card":"summary_large_image","twitter_misc":{"Tiempo de lectura":"1 minuto"},"schema":{"@context":"https:\/\/schema.org","@graph":[{"@type":"WebPage","@id":"https:\/\/2bbiobeauty.com\/es\/products\/2b-bio-regard\/","url":"https:\/\/2bbiobeauty.com\/es\/products\/2b-bio-regard\/","name":"2B Bio Regard - 2B Bio Beauty\u00ae - Gel crema antifatiga e hidratante para el contorno de ojos y labios.","isPartOf":{"@id":"https:\/\/2bbiobeauty.com\/#website"},"primaryImageOfPage":{"@id":"https:\/\/2bbiobeauty.com\/es\/products\/2b-bio-regard\/#primaryimage"},"image":{"@id":"https:\/\/2bbiobeauty.com\/es\/products\/2b-bio-regard\/#primaryimage"},"thumbnailUrl":"https:\/\/2bbiobeauty.com\/wp-content\/uploads\/2_B_Bio_Beauty_Bio_Regard_15ml_01_45d081ae13.webp","datePublished":"2025-09-18T17:18:35+00:00","dateModified":"2026-03-17T12:16:28+00:00","description":"Gel crema antifatiga e hidratante para el contorno de ojos y labios: ayuda a suavizar la apariencia de bolsas, ojeras, arrugas y l\u00edneas de expresi\u00f3n. Textura fundente, usar por la ma\u00f1ana y por la noche","breadcrumb":{"@id":"https:\/\/2bbiobeauty.com\/es\/products\/2b-bio-regard\/#breadcrumb"},"inLanguage":"es","potentialAction":[{"@type":"ReadAction","target":["https:\/\/2bbiobeauty.com\/es\/products\/2b-bio-regard\/"]}]},{"@type":"ImageObject","inLanguage":"es","@id":"https:\/\/2bbiobeauty.com\/es\/products\/2b-bio-regard\/#primaryimage","url":"https:\/\/2bbiobeauty.com\/wp-content\/uploads\/2_B_Bio_Beauty_Bio_Regard_15ml_01_45d081ae13.webp","contentUrl":"https:\/\/2bbiobeauty.com\/wp-content\/uploads\/2_B_Bio_Beauty_Bio_Regard_15ml_01_45d081ae13.webp","width":1024,"height":1024},{"@type":"BreadcrumbList","@id":"https:\/\/2bbiobeauty.com\/es\/products\/2b-bio-regard\/#breadcrumb","itemListElement":[{"@type":"ListItem","position":1,"name":"Accueil","item":"https:\/\/2bbiobeauty.com\/es\/"},{"@type":"ListItem","position":2,"name":"Productos","item":"https:\/\/2bbiobeauty.com\/es\/productos\/"},{"@type":"ListItem","position":3,"name":"2B Bio Regard"}]},{"@type":"WebSite","@id":"https:\/\/2bbiobeauty.com\/#website","url":"https:\/\/2bbiobeauty.com\/","name":"2B Bio Beauty\u00ae","description":"2B Bio Beauty\u00ae","publisher":{"@id":"https:\/\/2bbiobeauty.com\/#organization"},"potentialAction":[{"@type":"SearchAction","target":{"@type":"EntryPoint","urlTemplate":"https:\/\/2bbiobeauty.com\/?s={search_term_string}"},"query-input":{"@type":"PropertyValueSpecification","valueRequired":true,"valueName":"search_term_string"}}],"inLanguage":"es"},{"@type":"Organization","@id":"https:\/\/2bbiobeauty.com\/#organization","name":"2B Bio Beauty\u00ae Eshop","url":"https:\/\/2bbiobeauty.com\/","logo":{"@type":"ImageObject","inLanguage":"es","@id":"https:\/\/2bbiobeauty.com\/#\/schema\/logo\/image\/","url":"https:\/\/2bbiobeauty.com\/wp-content\/uploads\/web-app-manifest-512x512-1.png","contentUrl":"https:\/\/2bbiobeauty.com\/wp-content\/uploads\/web-app-manifest-512x512-1.png","width":512,"height":512,"caption":"2B Bio Beauty\u00ae Eshop"},"image":{"@id":"https:\/\/2bbiobeauty.com\/#\/schema\/logo\/image\/"},"sameAs":["https:\/\/www.facebook.com\/2bbiobeauty.official","https:\/\/www.instagram.com\/2bbiobeauty.official\/","https:\/\/www.youtube.com\/@2BBioBeauty"]}]}},"_links":{"self":[{"href":"https:\/\/2bbiobeauty.com\/es\/wp-json\/wp\/v2\/product\/54760","targetHints":{"allow":["GET"]}}],"collection":[{"href":"https:\/\/2bbiobeauty.com\/es\/wp-json\/wp\/v2\/product"}],"about":[{"href":"https:\/\/2bbiobeauty.com\/es\/wp-json\/wp\/v2\/types\/product"}],"replies":[{"embeddable":true,"href":"https:\/\/2bbiobeauty.com\/es\/wp-json\/wp\/v2\/comments?post=54760"}],"wp:featuredmedia":[{"embeddable":true,"href":"https:\/\/2bbiobeauty.com\/es\/wp-json\/wp\/v2\/media\/54761"}],"wp:attachment":[{"href":"https:\/\/2bbiobeauty.com\/es\/wp-json\/wp\/v2\/media?parent=54760"}],"wp:term":[{"taxonomy":"product_brand","embeddable":true,"href":"https:\/\/2bbiobeauty.com\/es\/wp-json\/wp\/v2\/product_brand?post=54760"},{"taxonomy":"product_cat","embeddable":true,"href":"https:\/\/2bbiobeauty.com\/es\/wp-json\/wp\/v2\/product_cat?post=54760"},{"taxonomy":"product_tag","embeddable":true,"href":"https:\/\/2bbiobeauty.com\/es\/wp-json\/wp\/v2\/product_tag?post=54760"}],"curies":[{"name":"wp","href":"https:\/\/api.w.org\/{rel}","templated":true}]}}